{"id":690,"date":"2021-01-31T00:55:12","date_gmt":"2021-01-30T23:55:12","guid":{"rendered":"http:\/\/smylo.de\/?page_id=690"},"modified":"2021-05-31T14:17:46","modified_gmt":"2021-05-31T12:17:46","slug":"karriere","status":"publish","type":"page","link":"https:\/\/smylo.de\/en\/karriere\/","title":{"rendered":"Jobs"},"content":{"rendered":"<div data-elementor-type=\"wp-page\" data-elementor-id=\"690\" class=\"elementor elementor-690\" data-elementor-post-type=\"page\">\n\t\t\t\t\t\t\t\t\t<section class=\"elementor-section elementor-top-section elementor-element elementor-element-a722ba3 elementor-section-height-min-height elementor-section-boxed elementor-section-height-default elementor-section-items-middle\" data-id=\"a722ba3\" data-element_type=\"section\" data-settings=\"{&quot;background_background&quot;:&quot;gradient&quot;}\">\n\t\t\t\t\t\t\t<div class=\"elementor-background-overlay\"><\/div>\n\t\t\t\t\t\t\t<div class=\"elementor-container elementor-column-gap-narrow\">\n\t\t\t\t\t<div class=\"elementor-column elementor-col-100 elementor-top-column elementor-element elementor-element-44a445a\" data-id=\"44a445a\" data-element_type=\"column\">\n\t\t\t<div class=\"elementor-widget-wrap elementor-element-populated\">\n\t\t\t\t\t\t\t\t<div class=\"elementor-element elementor-element-5872097 elementor-widget elementor-widget-heading\" data-id=\"5872097\" data-element_type=\"widget\" data-widget_type=\"heading.default\">\n\t\t\t\t<div class=\"elementor-widget-container\">\n\t\t\t<h1 class=\"elementor-heading-title elementor-size-default\">Jobs<\/h1>\t\t<\/div>\n\t\t\t\t<\/div>\n\t\t\t\t<div class=\"elementor-element elementor-element-ccd021a elementor-invisible elementor-widget elementor-widget-text-editor\" data-id=\"ccd021a\" data-element_type=\"widget\" data-settings=\"{&quot;_animation&quot;:&quot;fadeInDown&quot;}\" data-widget_type=\"text-editor.default\">\n\t\t\t\t<div class=\"elementor-widget-container\">\n\t\t\t\t\t\t\t<p>Are you looking for a varied job (fulltime\/part time) with secure pay that you can choose to work from your home office or a dedicated office? And you speak excellent German because you grew up in Germany and went to school there? Furthermore, do you already have call center experience, friendly, motivated and have good communication skills? Then join us as a SMYLO Agent with an exciting job and good pay!<\/p>\t\t\t\t\t\t<\/div>\n\t\t\t\t<\/div>\n\t\t\t\t\t<\/div>\n\t\t<\/div>\n\t\t\t\t\t\t\t<\/div>\n\t\t<\/section>\n\t\t\t\t<section class=\"elementor-section elementor-top-section elementor-element elementor-element-8235ce6 elementor-section-height-min-height elementor-section-boxed elementor-section-height-default elementor-section-items-middle\" data-id=\"8235ce6\" data-element_type=\"section\" data-settings=\"{&quot;background_background&quot;:&quot;classic&quot;}\">\n\t\t\t\t\t\t\t<div class=\"elementor-background-overlay\"><\/div>\n\t\t\t\t\t\t\t<div class=\"elementor-container elementor-column-gap-default\">\n\t\t\t\t\t<div class=\"elementor-column elementor-col-100 elementor-top-column elementor-element elementor-element-f3b5c9e\" data-id=\"f3b5c9e\" data-element_type=\"column\" data-settings=\"{&quot;background_background&quot;:&quot;classic&quot;}\">\n\t\t\t<div class=\"elementor-widget-wrap elementor-element-populated\">\n\t\t\t\t\t\t\t\t<div class=\"elementor-element elementor-element-cce3b77 elementor-widget elementor-widget-heading\" data-id=\"cce3b77\" data-element_type=\"widget\" data-widget_type=\"heading.default\">\n\t\t\t\t<div class=\"elementor-widget-container\">\n\t\t\t<h2 class=\"elementor-heading-title elementor-size-default\"><b>Apply now!<\/b><\/h2>\t\t<\/div>\n\t\t\t\t<\/div>\n\t\t\t\t<div class=\"elementor-element elementor-element-073fc90 elementor-widget-divider--view-line elementor-widget elementor-widget-divider\" data-id=\"073fc90\" data-element_type=\"widget\" data-widget_type=\"divider.default\">\n\t\t\t\t<div class=\"elementor-widget-container\">\n\t\t\t\t\t<div class=\"elementor-divider\">\n\t\t\t<span class=\"elementor-divider-separator\">\n\t\t\t\t\t\t<\/span>\n\t\t<\/div>\n\t\t\t\t<\/div>\n\t\t\t\t<\/div>\n\t\t\t\t<div class=\"elementor-element elementor-element-b1af7be elementor-widget elementor-widget-shortcode\" data-id=\"b1af7be\" data-element_type=\"widget\" data-widget_type=\"shortcode.default\">\n\t\t\t\t<div class=\"elementor-widget-container\">\n\t\t\t\t\t<div class=\"elementor-shortcode\">\n\t\t\t\t\t<script>\n\t\t\t\t\t\twindow.hsFormsOnReady = window.hsFormsOnReady || [];\n\t\t\t\t\t\twindow.hsFormsOnReady.push(()=>{\n\t\t\t\t\t\t\thbspt.forms.create({\n\t\t\t\t\t\t\t\tportalId: 20124509,\n\t\t\t\t\t\t\t\tformId: \"a5438848-7071-47e7-83ba-0f96a21b55d5\",\n\t\t\t\t\t\t\t\ttarget: \"#hbspt-form-1775674357000-5716543006\",\n\t\t\t\t\t\t\t\tregion: \"\",\n\t\t\t\t\t\t\t\t\n\t\t\t\t\t\t})});\n\t\t\t\t\t<\/script>\n\t\t\t\t\t<div class=\"hbspt-form\" id=\"hbspt-form-1775674357000-5716543006\"><\/div><\/div>\n\t\t\t\t<\/div>\n\t\t\t\t<\/div>\n\t\t\t\t\t<\/div>\n\t\t<\/div>\n\t\t\t\t\t\t\t<\/div>\n\t\t<\/section>\n\t\t\t\t<section class=\"elementor-section elementor-top-section elementor-element elementor-element-207dcc55 elementor-hidden-desktop elementor-hidden-tablet elementor-hidden-phone elementor-section-boxed elementor-section-height-default elementor-section-height-default\" data-id=\"207dcc55\" data-element_type=\"section\" data-settings=\"{&quot;background_background&quot;:&quot;classic&quot;}\">\n\t\t\t\t\t\t<div class=\"elementor-container elementor-column-gap-default\">\n\t\t\t\t\t<div class=\"elementor-column elementor-col-100 elementor-top-column elementor-element elementor-element-21ef408b\" data-id=\"21ef408b\" data-element_type=\"column\">\n\t\t\t<div class=\"elementor-widget-wrap elementor-element-populated\">\n\t\t\t\t\t\t\t\t<div class=\"elementor-element elementor-element-f41e002 elementor-widget elementor-widget-heading\" data-id=\"f41e002\" data-element_type=\"widget\" data-widget_type=\"heading.default\">\n\t\t\t\t<div class=\"elementor-widget-container\">\n\t\t\t<h2 class=\"elementor-heading-title elementor-size-default\">Current job openings:<\/h2>\t\t<\/div>\n\t\t\t\t<\/div>\n\t\t\t\t<div class=\"elementor-element elementor-element-e620abb elementor-widget-divider--view-line elementor-widget elementor-widget-divider\" data-id=\"e620abb\" data-element_type=\"widget\" data-widget_type=\"divider.default\">\n\t\t\t\t<div class=\"elementor-widget-container\">\n\t\t\t\t\t<div class=\"elementor-divider\">\n\t\t\t<span class=\"elementor-divider-separator\">\n\t\t\t\t\t\t<\/span>\n\t\t<\/div>\n\t\t\t\t<\/div>\n\t\t\t\t<\/div>\n\t\t\t\t<div class=\"elementor-element elementor-element-5edb810 elementor-widget elementor-widget-accordion\" data-id=\"5edb810\" data-element_type=\"widget\" data-widget_type=\"accordion.default\">\n\t\t\t\t<div class=\"elementor-widget-container\">\n\t\t\t\t\t<div class=\"elementor-accordion\">\n\t\t\t\t\t\t\t<div class=\"elementor-accordion-item\">\n\t\t\t\t\t<div id=\"elementor-tab-title-9941\" class=\"elementor-tab-title\" data-tab=\"1\" role=\"button\" aria-controls=\"elementor-tab-content-9941\" aria-expanded=\"false\">\n\t\t\t\t\t\t\t\t\t\t\t\t\t<span class=\"elementor-accordion-icon elementor-accordion-icon-right\" aria-hidden=\"true\">\n\t\t\t\t\t\t\t\t\t\t\t\t\t\t\t<span class=\"elementor-accordion-icon-closed\"><i class=\"fas fa-plus-circle\"><\/i><\/span>\n\t\t\t\t\t\t\t\t<span class=\"elementor-accordion-icon-opened\"><i class=\"fas fa-minus-circle\"><\/i><\/span>\n\t\t\t\t\t\t\t\t\t\t\t\t\t\t<\/span>\n\t\t\t\t\t\t\t\t\t\t\t\t<a class=\"elementor-accordion-title\" tabindex=\"0\">Job offer #1<\/a>\n\t\t\t\t\t<\/div>\n\t\t\t\t\t<div id=\"elementor-tab-content-9941\" class=\"elementor-tab-content elementor-clearfix\" data-tab=\"1\" role=\"region\" aria-labelledby=\"elementor-tab-title-9941\"><p>Lorem ipsum dolor sit amet, consectetur adipiscing elit. Ut elit tellus, luctus nec ullamcorper mattis, pulvinar dapibus leo.<\/p><\/div>\n\t\t\t\t<\/div>\n\t\t\t\t\t\t\t<div class=\"elementor-accordion-item\">\n\t\t\t\t\t<div id=\"elementor-tab-title-9942\" class=\"elementor-tab-title\" data-tab=\"2\" role=\"button\" aria-controls=\"elementor-tab-content-9942\" aria-expanded=\"false\">\n\t\t\t\t\t\t\t\t\t\t\t\t\t<span class=\"elementor-accordion-icon elementor-accordion-icon-right\" aria-hidden=\"true\">\n\t\t\t\t\t\t\t\t\t\t\t\t\t\t\t<span class=\"elementor-accordion-icon-closed\"><i class=\"fas fa-plus-circle\"><\/i><\/span>\n\t\t\t\t\t\t\t\t<span class=\"elementor-accordion-icon-opened\"><i class=\"fas fa-minus-circle\"><\/i><\/span>\n\t\t\t\t\t\t\t\t\t\t\t\t\t\t<\/span>\n\t\t\t\t\t\t\t\t\t\t\t\t<a class=\"elementor-accordion-title\" tabindex=\"0\">Job offer #2<\/a>\n\t\t\t\t\t<\/div>\n\t\t\t\t\t<div id=\"elementor-tab-content-9942\" class=\"elementor-tab-content elementor-clearfix\" data-tab=\"2\" role=\"region\" aria-labelledby=\"elementor-tab-title-9942\">Lorem ipsum dolor sit amet, consectetur adipiscing elit. Ut elit tellus, luctus nec ullamcorper mattis, pulvinar dapibus leo.<\/div>\n\t\t\t\t<\/div>\n\t\t\t\t\t\t\t<div class=\"elementor-accordion-item\">\n\t\t\t\t\t<div id=\"elementor-tab-title-9943\" class=\"elementor-tab-title\" data-tab=\"3\" role=\"button\" aria-controls=\"elementor-tab-content-9943\" aria-expanded=\"false\">\n\t\t\t\t\t\t\t\t\t\t\t\t\t<span class=\"elementor-accordion-icon elementor-accordion-icon-right\" aria-hidden=\"true\">\n\t\t\t\t\t\t\t\t\t\t\t\t\t\t\t<span class=\"elementor-accordion-icon-closed\"><i class=\"fas fa-plus-circle\"><\/i><\/span>\n\t\t\t\t\t\t\t\t<span class=\"elementor-accordion-icon-opened\"><i class=\"fas fa-minus-circle\"><\/i><\/span>\n\t\t\t\t\t\t\t\t\t\t\t\t\t\t<\/span>\n\t\t\t\t\t\t\t\t\t\t\t\t<a class=\"elementor-accordion-title\" tabindex=\"0\">Job offer #3<\/a>\n\t\t\t\t\t<\/div>\n\t\t\t\t\t<div id=\"elementor-tab-content-9943\" class=\"elementor-tab-content elementor-clearfix\" data-tab=\"3\" role=\"region\" aria-labelledby=\"elementor-tab-title-9943\">Lorem ipsum dolor sit amet, consectetur adipiscing elit. Ut elit tellus, luctus nec ullamcorper mattis, pulvinar dapibus leo.<\/div>\n\t\t\t\t<\/div>\n\t\t\t\t\t\t\t\t<\/div>\n\t\t\t\t<\/div>\n\t\t\t\t<\/div>\n\t\t\t\t\t<\/div>\n\t\t<\/div>\n\t\t\t\t\t\t\t<\/div>\n\t\t<\/section>\n\t\t\t\t\t\t\t<\/div>","protected":false},"excerpt":{"rendered":"<p>Karriere Sie suchen einen abwechslungsreichen Job (Vollzeit\/Teilzeit) mit sicherer Bezahlung, den Sie wahlweise aus dem Homeoffice&nbsp; oder vom B\u00fcro aus aus\u00fcben k\u00f6nnen? Und Sie sprechen hervorragend Deutsch, weil Sie in Deutschland aufgewachsen und dort zur Schule gegangen sind? Dar\u00fcber hinaus haben Sie bereits Call-Center Erfahrung, sind freundlich, motiviert und kommunika-tionsstark? Dann kommen Sie zu uns, &hellip;<\/p>\n<p class=\"read-more\"> <a class=\"\" href=\"https:\/\/smylo.de\/en\/karriere\/\"> <span class=\"screen-reader-text\">Jobs<\/span> Read More &raquo;<\/a><\/p>","protected":false},"author":1,"featured_media":0,"parent":0,"menu_order":0,"comment_status":"closed","ping_status":"closed","template":"elementor_header_footer","meta":{"content-type":"","site-sidebar-layout":"no-sidebar","site-content-layout":"page-builder","ast-global-header-display":"","ast-banner-title-visibility":"","ast-main-header-display":"","ast-hfb-above-header-display":"","ast-hfb-below-header-display":"","ast-hfb-mobile-header-display":"","site-post-title":"disabled","ast-breadcrumbs-content":"","ast-featured-img":"disabled","footer-sml-layout":"","theme-transparent-header-meta":"default","adv-header-id-meta":"","stick-header-meta":"","header-above-stick-meta":"","header-main-stick-meta":"","header-below-stick-meta":"","footnotes":""},"class_list":["post-690","page","type-page","status-publish","hentry"],"yoast_head":"<!-- This site is optimized with the Yoast SEO plugin v27.3 - https:\/\/yoast.com\/product\/yoast-seo-wordpress\/ -->\n<title>Deine Karriere als SMYLO Agent - SMYLO<\/title>\n<meta name=\"description\" content=\"Sie suchen einen abwechslungsreichen Job (Vollzeit\/Teilzeit) mit sicherer Bezahlung? Bewerben Sie sich als SMYLO Agent!\" \/>\n<meta name=\"robots\" content=\"index, follow, max-snippet:-1, max-image-preview:large, max-video-preview:-1\" \/>\n<link rel=\"canonical\" href=\"https:\/\/smylo.de\/en\/karriere\/\" \/>\n<meta property=\"og:locale\" content=\"en_GB\" \/>\n<meta property=\"og:type\" content=\"article\" \/>\n<meta property=\"og:title\" content=\"Deine Karriere als SMYLO Agent - SMYLO\" \/>\n<meta property=\"og:description\" content=\"Sie suchen einen abwechslungsreichen Job (Vollzeit\/Teilzeit) mit sicherer Bezahlung? Bewerben Sie sich als SMYLO Agent!\" \/>\n<meta property=\"og:url\" content=\"https:\/\/smylo.de\/en\/karriere\/\" \/>\n<meta property=\"og:site_name\" content=\"SMYLO\" \/>\n<meta property=\"article:modified_time\" content=\"2021-05-31T12:17:46+00:00\" \/>\n<meta name=\"twitter:card\" content=\"summary_large_image\" \/>\n<meta name=\"twitter:label1\" content=\"Estimated reading time\" \/>\n\t<meta name=\"twitter:data1\" content=\"1 minute\" \/>\n<script type=\"application\/ld+json\" class=\"yoast-schema-graph\">{\"@context\":\"https:\\\/\\\/schema.org\",\"@graph\":[{\"@type\":\"WebPage\",\"@id\":\"https:\\\/\\\/smylo.de\\\/karriere\\\/\",\"url\":\"https:\\\/\\\/smylo.de\\\/karriere\\\/\",\"name\":\"Deine Karriere als SMYLO Agent - SMYLO\",\"isPartOf\":{\"@id\":\"https:\\\/\\\/smylo.de\\\/#website\"},\"datePublished\":\"2021-01-30T23:55:12+00:00\",\"dateModified\":\"2021-05-31T12:17:46+00:00\",\"description\":\"Sie suchen einen abwechslungsreichen Job (Vollzeit\\\/Teilzeit) mit sicherer Bezahlung? Bewerben Sie sich als SMYLO Agent!\",\"inLanguage\":\"en-GB\",\"potentialAction\":[{\"@type\":\"ReadAction\",\"target\":[\"https:\\\/\\\/smylo.de\\\/karriere\\\/\"]}]},{\"@type\":\"WebSite\",\"@id\":\"https:\\\/\\\/smylo.de\\\/#website\",\"url\":\"https:\\\/\\\/smylo.de\\\/\",\"name\":\"SMYLO\",\"description\":\"\",\"publisher\":{\"@id\":\"https:\\\/\\\/smylo.de\\\/#organization\"},\"potentialAction\":[{\"@type\":\"SearchAction\",\"target\":{\"@type\":\"EntryPoint\",\"urlTemplate\":\"https:\\\/\\\/smylo.de\\\/?s={search_term_string}\"},\"query-input\":{\"@type\":\"PropertyValueSpecification\",\"valueRequired\":true,\"valueName\":\"search_term_string\"}}],\"inLanguage\":\"en-GB\"},{\"@type\":\"Organization\",\"@id\":\"https:\\\/\\\/smylo.de\\\/#organization\",\"name\":\"SMYLO\",\"url\":\"https:\\\/\\\/smylo.de\\\/\",\"logo\":{\"@type\":\"ImageObject\",\"inLanguage\":\"en-GB\",\"@id\":\"https:\\\/\\\/smylo.de\\\/#\\\/schema\\\/logo\\\/image\\\/\",\"url\":\"https:\\\/\\\/smylo.de\\\/wp-content\\\/uploads\\\/2021\\\/01\\\/TA-DDH-UK-10122020-32629135131-Smylo-Final-Files-01.png\",\"contentUrl\":\"https:\\\/\\\/smylo.de\\\/wp-content\\\/uploads\\\/2021\\\/01\\\/TA-DDH-UK-10122020-32629135131-Smylo-Final-Files-01.png\",\"width\":1667,\"height\":938,\"caption\":\"SMYLO\"},\"image\":{\"@id\":\"https:\\\/\\\/smylo.de\\\/#\\\/schema\\\/logo\\\/image\\\/\"}}]}<\/script>\n<!-- \/ Yoast SEO plugin. -->","yoast_head_json":{"title":"Deine Karriere als SMYLO Agent - SMYLO","description":"Sie suchen einen abwechslungsreichen Job (Vollzeit\/Teilzeit) mit sicherer Bezahlung? Bewerben Sie sich als SMYLO Agent!","robots":{"index":"index","follow":"follow","max-snippet":"max-snippet:-1","max-image-preview":"max-image-preview:large","max-video-preview":"max-video-preview:-1"},"canonical":"https:\/\/smylo.de\/en\/karriere\/","og_locale":"en_GB","og_type":"article","og_title":"Deine Karriere als SMYLO Agent - SMYLO","og_description":"Sie suchen einen abwechslungsreichen Job (Vollzeit\/Teilzeit) mit sicherer Bezahlung? Bewerben Sie sich als SMYLO Agent!","og_url":"https:\/\/smylo.de\/en\/karriere\/","og_site_name":"SMYLO","article_modified_time":"2021-05-31T12:17:46+00:00","twitter_card":"summary_large_image","twitter_misc":{"Estimated reading time":"1 minute"},"schema":{"@context":"https:\/\/schema.org","@graph":[{"@type":"WebPage","@id":"https:\/\/smylo.de\/karriere\/","url":"https:\/\/smylo.de\/karriere\/","name":"Deine Karriere als SMYLO Agent - SMYLO","isPartOf":{"@id":"https:\/\/smylo.de\/#website"},"datePublished":"2021-01-30T23:55:12+00:00","dateModified":"2021-05-31T12:17:46+00:00","description":"Sie suchen einen abwechslungsreichen Job (Vollzeit\/Teilzeit) mit sicherer Bezahlung? Bewerben Sie sich als SMYLO Agent!","inLanguage":"en-GB","potentialAction":[{"@type":"ReadAction","target":["https:\/\/smylo.de\/karriere\/"]}]},{"@type":"WebSite","@id":"https:\/\/smylo.de\/#website","url":"https:\/\/smylo.de\/","name":"SMYLO","description":"","publisher":{"@id":"https:\/\/smylo.de\/#organization"},"potentialAction":[{"@type":"SearchAction","target":{"@type":"EntryPoint","urlTemplate":"https:\/\/smylo.de\/?s={search_term_string}"},"query-input":{"@type":"PropertyValueSpecification","valueRequired":true,"valueName":"search_term_string"}}],"inLanguage":"en-GB"},{"@type":"Organization","@id":"https:\/\/smylo.de\/#organization","name":"SMYLO","url":"https:\/\/smylo.de\/","logo":{"@type":"ImageObject","inLanguage":"en-GB","@id":"https:\/\/smylo.de\/#\/schema\/logo\/image\/","url":"https:\/\/smylo.de\/wp-content\/uploads\/2021\/01\/TA-DDH-UK-10122020-32629135131-Smylo-Final-Files-01.png","contentUrl":"https:\/\/smylo.de\/wp-content\/uploads\/2021\/01\/TA-DDH-UK-10122020-32629135131-Smylo-Final-Files-01.png","width":1667,"height":938,"caption":"SMYLO"},"image":{"@id":"https:\/\/smylo.de\/#\/schema\/logo\/image\/"}}]}},"_links":{"self":[{"href":"https:\/\/smylo.de\/en\/wp-json\/wp\/v2\/pages\/690","targetHints":{"allow":["GET"]}}],"collection":[{"href":"https:\/\/smylo.de\/en\/wp-json\/wp\/v2\/pages"}],"about":[{"href":"https:\/\/smylo.de\/en\/wp-json\/wp\/v2\/types\/page"}],"author":[{"embeddable":true,"href":"https:\/\/smylo.de\/en\/wp-json\/wp\/v2\/users\/1"}],"replies":[{"embeddable":true,"href":"https:\/\/smylo.de\/en\/wp-json\/wp\/v2\/comments?post=690"}],"version-history":[{"count":9,"href":"https:\/\/smylo.de\/en\/wp-json\/wp\/v2\/pages\/690\/revisions"}],"predecessor-version":[{"id":2836,"href":"https:\/\/smylo.de\/en\/wp-json\/wp\/v2\/pages\/690\/revisions\/2836"}],"wp:attachment":[{"href":"https:\/\/smylo.de\/en\/wp-json\/wp\/v2\/media?parent=690"}],"curies":[{"name":"wp","href":"https:\/\/api.w.org\/{rel}","templated":true}]}}