{"id":613,"date":"2021-01-30T17:50:24","date_gmt":"2021-01-30T16:50:24","guid":{"rendered":"http:\/\/smylo.de\/?page_id=613"},"modified":"2021-05-31T14:19:05","modified_gmt":"2021-05-31T12:19:05","slug":"partner-werden","status":"publish","type":"page","link":"https:\/\/smylo.de\/en\/partner-werden\/","title":{"rendered":"Cooperation"},"content":{"rendered":"<div data-elementor-type=\"wp-page\" data-elementor-id=\"613\" class=\"elementor elementor-613\" data-elementor-post-type=\"page\">\n\t\t\t\t\t\t\t\t\t<section class=\"elementor-section elementor-top-section elementor-element elementor-element-7884303 elementor-section-height-min-height elementor-section-boxed elementor-section-height-default elementor-section-items-middle\" data-id=\"7884303\" data-element_type=\"section\" data-settings=\"{&quot;background_background&quot;:&quot;gradient&quot;}\">\n\t\t\t\t\t\t\t<div class=\"elementor-background-overlay\"><\/div>\n\t\t\t\t\t\t\t<div class=\"elementor-container elementor-column-gap-narrow\">\n\t\t\t\t\t<div class=\"elementor-column elementor-col-100 elementor-top-column elementor-element elementor-element-b1f7e33\" data-id=\"b1f7e33\" data-element_type=\"column\">\n\t\t\t<div class=\"elementor-widget-wrap elementor-element-populated\">\n\t\t\t\t\t\t\t\t<div class=\"elementor-element elementor-element-d34dda3 elementor-widget elementor-widget-heading\" data-id=\"d34dda3\" data-element_type=\"widget\" data-widget_type=\"heading.default\">\n\t\t\t\t<div class=\"elementor-widget-container\">\n\t\t\t<h1 class=\"elementor-heading-title elementor-size-default\">Cooperation<\/h1>\t\t<\/div>\n\t\t\t\t<\/div>\n\t\t\t\t<div class=\"elementor-element elementor-element-7ba22a3 elementor-invisible elementor-widget elementor-widget-text-editor\" data-id=\"7ba22a3\" data-element_type=\"widget\" data-settings=\"{&quot;_animation&quot;:&quot;fadeInDown&quot;}\" data-widget_type=\"text-editor.default\">\n\t\t\t\t<div class=\"elementor-widget-container\">\n\t\t\t\t\t\t\t<p class=\" translation-block\">You operate a call center outside Germany and have very good German speaking agents that you want to better utilize? Then become a partner of SMYLO. We regularly place call center orders for you from companies in German-speaking countries.<br>The agents we are looking for should have been grown up in Germany and have a German school leaving certificate. \u00a0We look forward to hearing from you and will be happy to advise you!<\/p>\t\t\t\t\t\t<\/div>\n\t\t\t\t<\/div>\n\t\t\t\t\t<\/div>\n\t\t<\/div>\n\t\t\t\t\t\t\t<\/div>\n\t\t<\/section>\n\t\t\t\t<section class=\"elementor-section elementor-top-section elementor-element elementor-element-1dbdb2fc elementor-section-height-min-height elementor-section-boxed elementor-section-height-default elementor-section-items-middle\" data-id=\"1dbdb2fc\" data-element_type=\"section\" id=\"kontakt\" data-settings=\"{&quot;background_background&quot;:&quot;classic&quot;}\">\n\t\t\t\t\t\t\t<div class=\"elementor-background-overlay\"><\/div>\n\t\t\t\t\t\t\t<div class=\"elementor-container elementor-column-gap-default\">\n\t\t\t\t\t<div class=\"elementor-column elementor-col-100 elementor-top-column elementor-element elementor-element-4b90e509\" data-id=\"4b90e509\" data-element_type=\"column\" data-settings=\"{&quot;background_background&quot;:&quot;classic&quot;}\">\n\t\t\t<div class=\"elementor-widget-wrap elementor-element-populated\">\n\t\t\t\t\t\t\t\t<div class=\"elementor-element elementor-element-772d470f elementor-widget elementor-widget-heading\" data-id=\"772d470f\" data-element_type=\"widget\" data-widget_type=\"heading.default\">\n\t\t\t\t<div class=\"elementor-widget-container\">\n\t\t\t<h2 class=\"elementor-heading-title elementor-size-default translation-block\">Send <b>cooperation request<\/b> now.<\/h2>\t\t<\/div>\n\t\t\t\t<\/div>\n\t\t\t\t<div class=\"elementor-element elementor-element-70d7e5dd elementor-widget-divider--view-line elementor-widget elementor-widget-divider\" data-id=\"70d7e5dd\" data-element_type=\"widget\" data-widget_type=\"divider.default\">\n\t\t\t\t<div class=\"elementor-widget-container\">\n\t\t\t\t\t<div class=\"elementor-divider\">\n\t\t\t<span class=\"elementor-divider-separator\">\n\t\t\t\t\t\t<\/span>\n\t\t<\/div>\n\t\t\t\t<\/div>\n\t\t\t\t<\/div>\n\t\t\t\t<div class=\"elementor-element elementor-element-932b21b elementor-widget elementor-widget-shortcode\" data-id=\"932b21b\" data-element_type=\"widget\" data-widget_type=\"shortcode.default\">\n\t\t\t\t<div class=\"elementor-widget-container\">\n\t\t\t\t\t<div class=\"elementor-shortcode\">\n\t\t\t\t\t<script>\n\t\t\t\t\t\twindow.hsFormsOnReady = window.hsFormsOnReady || [];\n\t\t\t\t\t\twindow.hsFormsOnReady.push(()=>{\n\t\t\t\t\t\t\thbspt.forms.create({\n\t\t\t\t\t\t\t\tportalId: 20124509,\n\t\t\t\t\t\t\t\tformId: \"c30f8b9b-ad8a-459e-82fb-6095f8e1fc74\",\n\t\t\t\t\t\t\t\ttarget: \"#hbspt-form-1776594879000-5473854887\",\n\t\t\t\t\t\t\t\tregion: \"\",\n\t\t\t\t\t\t\t\t\n\t\t\t\t\t\t})});\n\t\t\t\t\t<\/script>\n\t\t\t\t\t<div class=\"hbspt-form\" id=\"hbspt-form-1776594879000-5473854887\"><\/div><\/div>\n\t\t\t\t<\/div>\n\t\t\t\t<\/div>\n\t\t\t\t\t<\/div>\n\t\t<\/div>\n\t\t\t\t\t\t\t<\/div>\n\t\t<\/section>\n\t\t\t\t<section class=\"elementor-section elementor-top-section elementor-element elementor-element-6d6a9495 elementor-hidden-desktop elementor-hidden-tablet elementor-hidden-phone elementor-section-boxed elementor-section-height-default elementor-section-height-default\" data-id=\"6d6a9495\" data-element_type=\"section\" data-settings=\"{&quot;background_background&quot;:&quot;classic&quot;}\">\n\t\t\t\t\t\t<div class=\"elementor-container elementor-column-gap-default\">\n\t\t\t\t\t<div class=\"elementor-column elementor-col-100 elementor-top-column elementor-element elementor-element-73434681\" data-id=\"73434681\" data-element_type=\"column\">\n\t\t\t<div class=\"elementor-widget-wrap elementor-element-populated\">\n\t\t\t\t\t\t\t\t<div class=\"elementor-element elementor-element-4ccacd07 elementor-widget elementor-widget-heading\" data-id=\"4ccacd07\" data-element_type=\"widget\" data-widget_type=\"heading.default\">\n\t\t\t\t<div class=\"elementor-widget-container\">\n\t\t\t<h2 class=\"elementor-heading-title elementor-size-default\">When a <b>Partnership makes sense for you<\/b> is:<\/h2>\t\t<\/div>\n\t\t\t\t<\/div>\n\t\t\t\t<div class=\"elementor-element elementor-element-62f4d76c elementor-widget-divider--view-line elementor-widget elementor-widget-divider\" data-id=\"62f4d76c\" data-element_type=\"widget\" data-widget_type=\"divider.default\">\n\t\t\t\t<div class=\"elementor-widget-container\">\n\t\t\t\t\t<div class=\"elementor-divider\">\n\t\t\t<span class=\"elementor-divider-separator\">\n\t\t\t\t\t\t<\/span>\n\t\t<\/div>\n\t\t\t\t<\/div>\n\t\t\t\t<\/div>\n\t\t\t\t<section class=\"elementor-section elementor-inner-section elementor-element elementor-element-1639617a elementor-section-boxed elementor-section-height-default elementor-section-height-default\" data-id=\"1639617a\" data-element_type=\"section\">\n\t\t\t\t\t\t<div class=\"elementor-container elementor-column-gap-default\">\n\t\t\t\t\t<div class=\"elementor-column elementor-col-50 elementor-inner-column elementor-element elementor-element-38c3fde0\" data-id=\"38c3fde0\" data-element_type=\"column\">\n\t\t\t<div class=\"elementor-widget-wrap elementor-element-populated\">\n\t\t\t\t\t\t\t\t<div class=\"elementor-element elementor-element-c42269a elementor-widget elementor-widget-heading\" data-id=\"c42269a\" data-element_type=\"widget\" data-widget_type=\"heading.default\">\n\t\t\t\t<div class=\"elementor-widget-container\">\n\t\t\t<h3 class=\"elementor-heading-title elementor-size-default\">Optimization of the work processes<\/h3>\t\t<\/div>\n\t\t\t\t<\/div>\n\t\t\t\t<div class=\"elementor-element elementor-element-17413860 elementor-widget elementor-widget-text-editor\" data-id=\"17413860\" data-element_type=\"widget\" data-widget_type=\"text-editor.default\">\n\t\t\t\t<div class=\"elementor-widget-container\">\n\t\t\t\t\t\t\t<p>Lorem ipsum dolor sit amet, consectetur adipiscing elit. Ut elit tellus, luctus nec ullamcorper mattis, pulvinar dapibus leo. Lorem ipsum dolor sit amet, consectetur adipiscing elit. Ut elit tellus, luctus nec ullamcorper mattis, pulvinar dapibus leo. Lorem ipsum dolor sit amet, consectetur adipiscing elit. Ut elit tellus, luctus nec ullamcorper mattis, pulvinar dapibus leo.<\/p>\t\t\t\t\t\t<\/div>\n\t\t\t\t<\/div>\n\t\t\t\t\t<\/div>\n\t\t<\/div>\n\t\t\t\t<div class=\"elementor-column elementor-col-50 elementor-inner-column elementor-element elementor-element-31dd7dc8\" data-id=\"31dd7dc8\" data-element_type=\"column\">\n\t\t\t<div class=\"elementor-widget-wrap elementor-element-populated\">\n\t\t\t\t\t\t\t\t<div class=\"elementor-element elementor-element-e360713 elementor-widget elementor-widget-image\" data-id=\"e360713\" data-element_type=\"widget\" data-widget_type=\"image.default\">\n\t\t\t\t<div class=\"elementor-widget-container\">\n\t\t\t\t\t\t\t\t\t\t\t\t\t\t\t<img decoding=\"async\" src=\"http:\/\/smylo.mmcreations.de\/wp-content\/uploads\/2020\/12\/remote_1.png\" title=\"\" alt=\"\" loading=\"lazy\" \/>\t\t\t\t\t\t\t\t\t\t\t\t\t\t\t<\/div>\n\t\t\t\t<\/div>\n\t\t\t\t\t<\/div>\n\t\t<\/div>\n\t\t\t\t\t\t\t<\/div>\n\t\t<\/section>\n\t\t\t\t<div class=\"elementor-element elementor-element-d6dfbb1 elementor-widget-divider--view-line elementor-widget elementor-widget-divider\" data-id=\"d6dfbb1\" data-element_type=\"widget\" data-widget_type=\"divider.default\">\n\t\t\t\t<div class=\"elementor-widget-container\">\n\t\t\t\t\t<div class=\"elementor-divider\">\n\t\t\t<span class=\"elementor-divider-separator\">\n\t\t\t\t\t\t<\/span>\n\t\t<\/div>\n\t\t\t\t<\/div>\n\t\t\t\t<\/div>\n\t\t\t\t<section class=\"elementor-section elementor-inner-section elementor-element elementor-element-44000d1 elementor-section-boxed elementor-section-height-default elementor-section-height-default\" data-id=\"44000d1\" data-element_type=\"section\">\n\t\t\t\t\t\t<div class=\"elementor-container elementor-column-gap-default\">\n\t\t\t\t\t<div class=\"elementor-column elementor-col-50 elementor-inner-column elementor-element elementor-element-7151770\" data-id=\"7151770\" data-element_type=\"column\">\n\t\t\t<div class=\"elementor-widget-wrap elementor-element-populated\">\n\t\t\t\t\t\t\t\t<div class=\"elementor-element elementor-element-eb82b10 elementor-widget elementor-widget-image\" data-id=\"eb82b10\" data-element_type=\"widget\" data-widget_type=\"image.default\">\n\t\t\t\t<div class=\"elementor-widget-container\">\n\t\t\t\t\t\t\t\t\t\t\t\t\t\t\t<img decoding=\"async\" src=\"http:\/\/smylo.mmcreations.de\/wp-content\/uploads\/2020\/12\/img1-1.png\" title=\"\" alt=\"\" loading=\"lazy\" \/>\t\t\t\t\t\t\t\t\t\t\t\t\t\t\t<\/div>\n\t\t\t\t<\/div>\n\t\t\t\t\t<\/div>\n\t\t<\/div>\n\t\t\t\t<div class=\"elementor-column elementor-col-50 elementor-inner-column elementor-element elementor-element-b65fc4f\" data-id=\"b65fc4f\" data-element_type=\"column\">\n\t\t\t<div class=\"elementor-widget-wrap elementor-element-populated\">\n\t\t\t\t\t\t\t\t<div class=\"elementor-element elementor-element-0a8bfc6 elementor-widget elementor-widget-heading\" data-id=\"0a8bfc6\" data-element_type=\"widget\" data-widget_type=\"heading.default\">\n\t\t\t\t<div class=\"elementor-widget-container\">\n\t\t\t<h3 class=\"elementor-heading-title elementor-size-default\">Outsourcing and utilization<\/h3>\t\t<\/div>\n\t\t\t\t<\/div>\n\t\t\t\t<div class=\"elementor-element elementor-element-425d868 elementor-widget elementor-widget-text-editor\" data-id=\"425d868\" data-element_type=\"widget\" data-widget_type=\"text-editor.default\">\n\t\t\t\t<div class=\"elementor-widget-container\">\n\t\t\t\t\t\t\t<p>Lorem ipsum dolor sit amet, consectetur adipiscing elit. Ut elit tellus, luctus nec ullamcorper mattis, pulvinar dapibus leo. Lorem ipsum dolor sit amet, consectetur adipiscing elit. Ut elit tellus, luctus nec ullamcorper mattis, pulvinar dapibus leo. Lorem ipsum dolor sit amet, consectetur adipiscing elit. Ut elit tellus, luctus nec ullamcorper mattis, pulvinar dapibus leo.<\/p>\t\t\t\t\t\t<\/div>\n\t\t\t\t<\/div>\n\t\t\t\t\t<\/div>\n\t\t<\/div>\n\t\t\t\t\t\t\t<\/div>\n\t\t<\/section>\n\t\t\t\t<div class=\"elementor-element elementor-element-d2eb5bb elementor-widget-divider--view-line elementor-widget elementor-widget-divider\" data-id=\"d2eb5bb\" data-element_type=\"widget\" data-widget_type=\"divider.default\">\n\t\t\t\t<div class=\"elementor-widget-container\">\n\t\t\t\t\t<div class=\"elementor-divider\">\n\t\t\t<span class=\"elementor-divider-separator\">\n\t\t\t\t\t\t<\/span>\n\t\t<\/div>\n\t\t\t\t<\/div>\n\t\t\t\t<\/div>\n\t\t\t\t<section class=\"elementor-section elementor-inner-section elementor-element elementor-element-3232051 elementor-section-boxed elementor-section-height-default elementor-section-height-default\" data-id=\"3232051\" data-element_type=\"section\">\n\t\t\t\t\t\t<div class=\"elementor-container elementor-column-gap-default\">\n\t\t\t\t\t<div class=\"elementor-column elementor-col-50 elementor-inner-column elementor-element elementor-element-54e59cf\" data-id=\"54e59cf\" data-element_type=\"column\">\n\t\t\t<div class=\"elementor-widget-wrap elementor-element-populated\">\n\t\t\t\t\t\t\t\t<div class=\"elementor-element elementor-element-829081c elementor-widget elementor-widget-heading\" data-id=\"829081c\" data-element_type=\"widget\" data-widget_type=\"heading.default\">\n\t\t\t\t<div class=\"elementor-widget-container\">\n\t\t\t<h3 class=\"elementor-heading-title elementor-size-default\">The works interlock<\/h3>\t\t<\/div>\n\t\t\t\t<\/div>\n\t\t\t\t<div class=\"elementor-element elementor-element-73dbe1c elementor-widget elementor-widget-text-editor\" data-id=\"73dbe1c\" data-element_type=\"widget\" data-widget_type=\"text-editor.default\">\n\t\t\t\t<div class=\"elementor-widget-container\">\n\t\t\t\t\t\t\t<p>Lorem ipsum dolor sit amet, consectetur adipiscing elit. Ut elit tellus, luctus nec ullamcorper mattis, pulvinar dapibus leo. Lorem ipsum dolor sit amet, consectetur adipiscing elit. Ut elit tellus, luctus nec ullamcorper mattis, pulvinar dapibus leo. Lorem ipsum dolor sit amet, consectetur adipiscing elit. Ut elit tellus, luctus nec ullamcorper mattis, pulvinar dapibus leo.<\/p>\t\t\t\t\t\t<\/div>\n\t\t\t\t<\/div>\n\t\t\t\t\t<\/div>\n\t\t<\/div>\n\t\t\t\t<div class=\"elementor-column elementor-col-50 elementor-inner-column elementor-element elementor-element-a048c62\" data-id=\"a048c62\" data-element_type=\"column\">\n\t\t\t<div class=\"elementor-widget-wrap elementor-element-populated\">\n\t\t\t\t\t\t\t\t<div class=\"elementor-element elementor-element-c6e4b11 elementor-widget elementor-widget-image\" data-id=\"c6e4b11\" data-element_type=\"widget\" data-widget_type=\"image.default\">\n\t\t\t\t<div class=\"elementor-widget-container\">\n\t\t\t\t\t\t\t\t\t\t\t\t\t\t\t<img decoding=\"async\" src=\"http:\/\/smylo.mmcreations.de\/wp-content\/uploads\/2021\/01\/mechanics-gear-gears-3310067.jpg\" title=\"\" alt=\"\" loading=\"lazy\" \/>\t\t\t\t\t\t\t\t\t\t\t\t\t\t\t<\/div>\n\t\t\t\t<\/div>\n\t\t\t\t\t<\/div>\n\t\t<\/div>\n\t\t\t\t\t\t\t<\/div>\n\t\t<\/section>\n\t\t\t\t\t<\/div>\n\t\t<\/div>\n\t\t\t\t\t\t\t<\/div>\n\t\t<\/section>\n\t\t\t\t\t\t\t<\/div>","protected":false},"excerpt":{"rendered":"<p>Partner werden Sie betreiben ein Call-Center au\u00dferhalb Deutschlands und verf\u00fcgen \u00fcber sehr gut Deutsch sprechende Agents, die Sie besser auslasten wollen? Dann werden Sie Partner bei SMYLO. Wir vermitteln Ihnen regelm\u00e4\u00dfig Call-Center-Auftr\u00e4ge von Firmen aus dem deutschsprachigen Raum.Die Agents, die wir suchen, sollten in Deutschland aufgewachsen und einen deutschen Schulabschluss besitzen. \u00a0Wir freuen uns \u00fcber &hellip;<\/p>\n<p class=\"read-more\"> <a class=\"\" href=\"https:\/\/smylo.de\/en\/partner-werden\/\"> <span class=\"screen-reader-text\">Cooperation<\/span> Read More &raquo;<\/a><\/p>","protected":false},"author":1,"featured_media":0,"parent":0,"menu_order":0,"comment_status":"closed","ping_status":"closed","template":"elementor_header_footer","meta":{"content-type":"","site-sidebar-layout":"no-sidebar","site-content-layout":"page-builder","ast-global-header-display":"","ast-banner-title-visibility":"","ast-main-header-display":"","ast-hfb-above-header-display":"","ast-hfb-below-header-display":"","ast-hfb-mobile-header-display":"","site-post-title":"disabled","ast-breadcrumbs-content":"","ast-featured-img":"disabled","footer-sml-layout":"","theme-transparent-header-meta":"default","adv-header-id-meta":"","stick-header-meta":"","header-above-stick-meta":"","header-main-stick-meta":"","header-below-stick-meta":"","footnotes":""},"class_list":["post-613","page","type-page","status-publish","hentry"],"yoast_head":"<!-- This site is optimized with the Yoast SEO plugin v27.4 - https:\/\/yoast.com\/product\/yoast-seo-wordpress\/ -->\n<title>Partner werden - SMYLO<\/title>\n<meta name=\"description\" content=\"Sie besitzen ein Call-Center Unternehmen? Erweitern Sie Ihr Call-Center ohne gro\u00dfer Risiko mit unseren SMYLO Agents.\" \/>\n<meta name=\"robots\" content=\"index, follow, max-snippet:-1, max-image-preview:large, max-video-preview:-1\" \/>\n<link rel=\"canonical\" href=\"https:\/\/smylo.de\/en\/partner-werden\/\" \/>\n<meta property=\"og:locale\" content=\"en_GB\" \/>\n<meta property=\"og:type\" content=\"article\" \/>\n<meta property=\"og:title\" content=\"Partner werden - SMYLO\" \/>\n<meta property=\"og:description\" content=\"Sie besitzen ein Call-Center Unternehmen? Erweitern Sie Ihr Call-Center ohne gro\u00dfer Risiko mit unseren SMYLO Agents.\" \/>\n<meta property=\"og:url\" content=\"https:\/\/smylo.de\/en\/partner-werden\/\" \/>\n<meta property=\"og:site_name\" content=\"SMYLO\" \/>\n<meta property=\"article:modified_time\" content=\"2021-05-31T12:19:05+00:00\" \/>\n<meta property=\"og:image\" content=\"http:\/\/smylo.mmcreations.de\/wp-content\/uploads\/2020\/12\/remote_1.png\" \/>\n<meta name=\"twitter:card\" content=\"summary_large_image\" \/>\n<meta name=\"twitter:label1\" content=\"Estimated reading time\" \/>\n\t<meta name=\"twitter:data1\" content=\"2 minutes\" \/>\n<script type=\"application\/ld+json\" class=\"yoast-schema-graph\">{\"@context\":\"https:\\\/\\\/schema.org\",\"@graph\":[{\"@type\":\"WebPage\",\"@id\":\"https:\\\/\\\/smylo.de\\\/partner-werden\\\/\",\"url\":\"https:\\\/\\\/smylo.de\\\/partner-werden\\\/\",\"name\":\"Partner werden - SMYLO\",\"isPartOf\":{\"@id\":\"https:\\\/\\\/smylo.de\\\/#website\"},\"primaryImageOfPage\":{\"@id\":\"https:\\\/\\\/smylo.de\\\/partner-werden\\\/#primaryimage\"},\"image\":{\"@id\":\"https:\\\/\\\/smylo.de\\\/partner-werden\\\/#primaryimage\"},\"thumbnailUrl\":\"http:\\\/\\\/smylo.mmcreations.de\\\/wp-content\\\/uploads\\\/2020\\\/12\\\/remote_1.png\",\"datePublished\":\"2021-01-30T16:50:24+00:00\",\"dateModified\":\"2021-05-31T12:19:05+00:00\",\"description\":\"Sie besitzen ein Call-Center Unternehmen? Erweitern Sie Ihr Call-Center ohne gro\u00dfer Risiko mit unseren SMYLO Agents.\",\"inLanguage\":\"en-GB\",\"potentialAction\":[{\"@type\":\"ReadAction\",\"target\":[\"https:\\\/\\\/smylo.de\\\/partner-werden\\\/\"]}]},{\"@type\":\"ImageObject\",\"inLanguage\":\"en-GB\",\"@id\":\"https:\\\/\\\/smylo.de\\\/partner-werden\\\/#primaryimage\",\"url\":\"http:\\\/\\\/smylo.mmcreations.de\\\/wp-content\\\/uploads\\\/2020\\\/12\\\/remote_1.png\",\"contentUrl\":\"http:\\\/\\\/smylo.mmcreations.de\\\/wp-content\\\/uploads\\\/2020\\\/12\\\/remote_1.png\"},{\"@type\":\"WebSite\",\"@id\":\"https:\\\/\\\/smylo.de\\\/#website\",\"url\":\"https:\\\/\\\/smylo.de\\\/\",\"name\":\"SMYLO\",\"description\":\"\",\"publisher\":{\"@id\":\"https:\\\/\\\/smylo.de\\\/#organization\"},\"potentialAction\":[{\"@type\":\"SearchAction\",\"target\":{\"@type\":\"EntryPoint\",\"urlTemplate\":\"https:\\\/\\\/smylo.de\\\/?s={search_term_string}\"},\"query-input\":{\"@type\":\"PropertyValueSpecification\",\"valueRequired\":true,\"valueName\":\"search_term_string\"}}],\"inLanguage\":\"en-GB\"},{\"@type\":\"Organization\",\"@id\":\"https:\\\/\\\/smylo.de\\\/#organization\",\"name\":\"SMYLO\",\"url\":\"https:\\\/\\\/smylo.de\\\/\",\"logo\":{\"@type\":\"ImageObject\",\"inLanguage\":\"en-GB\",\"@id\":\"https:\\\/\\\/smylo.de\\\/#\\\/schema\\\/logo\\\/image\\\/\",\"url\":\"https:\\\/\\\/smylo.de\\\/wp-content\\\/uploads\\\/2021\\\/01\\\/TA-DDH-UK-10122020-32629135131-Smylo-Final-Files-01.png\",\"contentUrl\":\"https:\\\/\\\/smylo.de\\\/wp-content\\\/uploads\\\/2021\\\/01\\\/TA-DDH-UK-10122020-32629135131-Smylo-Final-Files-01.png\",\"width\":1667,\"height\":938,\"caption\":\"SMYLO\"},\"image\":{\"@id\":\"https:\\\/\\\/smylo.de\\\/#\\\/schema\\\/logo\\\/image\\\/\"}}]}<\/script>\n<!-- \/ Yoast SEO plugin. -->","yoast_head_json":{"title":"Partner werden - SMYLO","description":"Sie besitzen ein Call-Center Unternehmen? Erweitern Sie Ihr Call-Center ohne gro\u00dfer Risiko mit unseren SMYLO Agents.","robots":{"index":"index","follow":"follow","max-snippet":"max-snippet:-1","max-image-preview":"max-image-preview:large","max-video-preview":"max-video-preview:-1"},"canonical":"https:\/\/smylo.de\/en\/partner-werden\/","og_locale":"en_GB","og_type":"article","og_title":"Partner werden - SMYLO","og_description":"Sie besitzen ein Call-Center Unternehmen? Erweitern Sie Ihr Call-Center ohne gro\u00dfer Risiko mit unseren SMYLO Agents.","og_url":"https:\/\/smylo.de\/en\/partner-werden\/","og_site_name":"SMYLO","article_modified_time":"2021-05-31T12:19:05+00:00","og_image":[{"url":"http:\/\/smylo.mmcreations.de\/wp-content\/uploads\/2020\/12\/remote_1.png","type":"","width":"","height":""}],"twitter_card":"summary_large_image","twitter_misc":{"Estimated reading time":"2 minutes"},"schema":{"@context":"https:\/\/schema.org","@graph":[{"@type":"WebPage","@id":"https:\/\/smylo.de\/partner-werden\/","url":"https:\/\/smylo.de\/partner-werden\/","name":"Partner werden - SMYLO","isPartOf":{"@id":"https:\/\/smylo.de\/#website"},"primaryImageOfPage":{"@id":"https:\/\/smylo.de\/partner-werden\/#primaryimage"},"image":{"@id":"https:\/\/smylo.de\/partner-werden\/#primaryimage"},"thumbnailUrl":"http:\/\/smylo.mmcreations.de\/wp-content\/uploads\/2020\/12\/remote_1.png","datePublished":"2021-01-30T16:50:24+00:00","dateModified":"2021-05-31T12:19:05+00:00","description":"Sie besitzen ein Call-Center Unternehmen? Erweitern Sie Ihr Call-Center ohne gro\u00dfer Risiko mit unseren SMYLO Agents.","inLanguage":"en-GB","potentialAction":[{"@type":"ReadAction","target":["https:\/\/smylo.de\/partner-werden\/"]}]},{"@type":"ImageObject","inLanguage":"en-GB","@id":"https:\/\/smylo.de\/partner-werden\/#primaryimage","url":"http:\/\/smylo.mmcreations.de\/wp-content\/uploads\/2020\/12\/remote_1.png","contentUrl":"http:\/\/smylo.mmcreations.de\/wp-content\/uploads\/2020\/12\/remote_1.png"},{"@type":"WebSite","@id":"https:\/\/smylo.de\/#website","url":"https:\/\/smylo.de\/","name":"SMYLO","description":"","publisher":{"@id":"https:\/\/smylo.de\/#organization"},"potentialAction":[{"@type":"SearchAction","target":{"@type":"EntryPoint","urlTemplate":"https:\/\/smylo.de\/?s={search_term_string}"},"query-input":{"@type":"PropertyValueSpecification","valueRequired":true,"valueName":"search_term_string"}}],"inLanguage":"en-GB"},{"@type":"Organization","@id":"https:\/\/smylo.de\/#organization","name":"SMYLO","url":"https:\/\/smylo.de\/","logo":{"@type":"ImageObject","inLanguage":"en-GB","@id":"https:\/\/smylo.de\/#\/schema\/logo\/image\/","url":"https:\/\/smylo.de\/wp-content\/uploads\/2021\/01\/TA-DDH-UK-10122020-32629135131-Smylo-Final-Files-01.png","contentUrl":"https:\/\/smylo.de\/wp-content\/uploads\/2021\/01\/TA-DDH-UK-10122020-32629135131-Smylo-Final-Files-01.png","width":1667,"height":938,"caption":"SMYLO"},"image":{"@id":"https:\/\/smylo.de\/#\/schema\/logo\/image\/"}}]}},"_links":{"self":[{"href":"https:\/\/smylo.de\/en\/wp-json\/wp\/v2\/pages\/613","targetHints":{"allow":["GET"]}}],"collection":[{"href":"https:\/\/smylo.de\/en\/wp-json\/wp\/v2\/pages"}],"about":[{"href":"https:\/\/smylo.de\/en\/wp-json\/wp\/v2\/types\/page"}],"author":[{"embeddable":true,"href":"https:\/\/smylo.de\/en\/wp-json\/wp\/v2\/users\/1"}],"replies":[{"embeddable":true,"href":"https:\/\/smylo.de\/en\/wp-json\/wp\/v2\/comments?post=613"}],"version-history":[{"count":9,"href":"https:\/\/smylo.de\/en\/wp-json\/wp\/v2\/pages\/613\/revisions"}],"predecessor-version":[{"id":2842,"href":"https:\/\/smylo.de\/en\/wp-json\/wp\/v2\/pages\/613\/revisions\/2842"}],"wp:attachment":[{"href":"https:\/\/smylo.de\/en\/wp-json\/wp\/v2\/media?parent=613"}],"curies":[{"name":"wp","href":"https:\/\/api.w.org\/{rel}","templated":true}]}}