{"id":576,"date":"2021-01-29T17:49:46","date_gmt":"2021-01-29T16:49:46","guid":{"rendered":"http:\/\/smylo.de\/?page_id=576"},"modified":"2021-05-12T12:41:28","modified_gmt":"2021-05-12T10:41:28","slug":"ueber-uns","status":"publish","type":"page","link":"https:\/\/smylo.de\/en\/ueber-uns\/","title":{"rendered":"About us"},"content":{"rendered":"<div data-elementor-type=\"wp-page\" data-elementor-id=\"576\" class=\"elementor elementor-576\" data-elementor-post-type=\"page\">\n\t\t\t\t\t\t\t\t\t<section class=\"elementor-section elementor-top-section elementor-element elementor-element-7e3ff48 elementor-section-boxed elementor-section-height-default elementor-section-height-default\" data-id=\"7e3ff48\" data-element_type=\"section\" data-settings=\"{&quot;background_background&quot;:&quot;gradient&quot;}\">\n\t\t\t\t\t\t\t<div class=\"elementor-background-overlay\"><\/div>\n\t\t\t\t\t\t\t<div class=\"elementor-container elementor-column-gap-narrow\">\n\t\t\t\t\t<div class=\"elementor-column elementor-col-100 elementor-top-column elementor-element elementor-element-d56b7b9\" data-id=\"d56b7b9\" data-element_type=\"column\">\n\t\t\t<div class=\"elementor-widget-wrap elementor-element-populated\">\n\t\t\t\t\t\t\t\t<div class=\"elementor-element elementor-element-b70bd63 elementor-widget elementor-widget-heading\" data-id=\"b70bd63\" data-element_type=\"widget\" data-widget_type=\"heading.default\">\n\t\t\t\t<div class=\"elementor-widget-container\">\n\t\t\t<h1 class=\"elementor-heading-title elementor-size-default\">About us<\/h1>\t\t<\/div>\n\t\t\t\t<\/div>\n\t\t\t\t<div class=\"elementor-element elementor-element-39eb5ab elementor-invisible elementor-widget elementor-widget-text-editor\" data-id=\"39eb5ab\" data-element_type=\"widget\" data-settings=\"{&quot;_animation&quot;:&quot;fadeInDown&quot;}\" data-widget_type=\"text-editor.default\">\n\t\t\t\t<div class=\"elementor-widget-container\">\n\t\t\t\t\t\t\t<p>With qualified employees and more than 20 years of experience in the call center business, we know what is important and offer you customer-specific services and solutions.<\/p>\t\t\t\t\t\t<\/div>\n\t\t\t\t<\/div>\n\t\t\t\t\t<\/div>\n\t\t<\/div>\n\t\t\t\t\t\t\t<\/div>\n\t\t<\/section>\n\t\t\t\t<section class=\"elementor-section elementor-top-section elementor-element elementor-element-47105787 elementor-section-boxed elementor-section-height-default elementor-section-height-default\" data-id=\"47105787\" data-element_type=\"section\" data-settings=\"{&quot;background_background&quot;:&quot;classic&quot;}\">\n\t\t\t\t\t\t<div class=\"elementor-container elementor-column-gap-default\">\n\t\t\t\t\t<div class=\"elementor-column elementor-col-100 elementor-top-column elementor-element elementor-element-7f1051a2\" data-id=\"7f1051a2\" data-element_type=\"column\">\n\t\t\t<div class=\"elementor-widget-wrap elementor-element-populated\">\n\t\t\t\t\t\t\t\t<div class=\"elementor-element elementor-element-572b10d4 elementor-widget elementor-widget-heading\" data-id=\"572b10d4\" data-element_type=\"widget\" data-widget_type=\"heading.default\">\n\t\t\t\t<div class=\"elementor-widget-container\">\n\t\t\t<h2 class=\"elementor-heading-title elementor-size-default\">The SMYLO Founders<\/h2>\t\t<\/div>\n\t\t\t\t<\/div>\n\t\t\t\t<div class=\"elementor-element elementor-element-13751928 elementor-widget-divider--view-line elementor-widget elementor-widget-divider\" data-id=\"13751928\" data-element_type=\"widget\" data-widget_type=\"divider.default\">\n\t\t\t\t<div class=\"elementor-widget-container\">\n\t\t\t\t\t<div class=\"elementor-divider\">\n\t\t\t<span class=\"elementor-divider-separator\">\n\t\t\t\t\t\t<\/span>\n\t\t<\/div>\n\t\t\t\t<\/div>\n\t\t\t\t<\/div>\n\t\t\t\t<section class=\"elementor-section elementor-inner-section elementor-element elementor-element-7a6dce0 elementor-section-full_width elementor-section-height-default elementor-section-height-default\" data-id=\"7a6dce0\" data-element_type=\"section\">\n\t\t\t\t\t\t<div class=\"elementor-container elementor-column-gap-default\">\n\t\t\t\t\t<div class=\"elementor-column elementor-col-50 elementor-inner-column elementor-element elementor-element-178af01\" data-id=\"178af01\" data-element_type=\"column\">\n\t\t\t<div class=\"elementor-widget-wrap elementor-element-populated\">\n\t\t\t\t\t\t\t\t<div class=\"elementor-element elementor-element-94f3aff elementor-widget elementor-widget-image\" data-id=\"94f3aff\" data-element_type=\"widget\" data-widget_type=\"image.default\">\n\t\t\t\t<div class=\"elementor-widget-container\">\n\t\t\t\t\t\t\t\t\t\t\t\t\t\t\t<img decoding=\"async\" width=\"768\" height=\"548\" src=\"https:\/\/smylo.de\/wp-content\/uploads\/2021\/04\/S072-003-21_web-768x548.jpg\" class=\"attachment-medium_large size-medium_large wp-image-2070\" alt=\"\" srcset=\"https:\/\/smylo.de\/wp-content\/uploads\/2021\/04\/S072-003-21_web-768x548.jpg 768w, https:\/\/smylo.de\/wp-content\/uploads\/2021\/04\/S072-003-21_web-300x214.jpg 300w, https:\/\/smylo.de\/wp-content\/uploads\/2021\/04\/S072-003-21_web-1024x730.jpg 1024w, https:\/\/smylo.de\/wp-content\/uploads\/2021\/04\/S072-003-21_web-16x12.jpg 16w, https:\/\/smylo.de\/wp-content\/uploads\/2021\/04\/S072-003-21_web.jpg 1280w\" sizes=\"(max-width: 768px) 100vw, 768px\" \/>\t\t\t\t\t\t\t\t\t\t\t\t\t\t\t<\/div>\n\t\t\t\t<\/div>\n\t\t\t\t\t<\/div>\n\t\t<\/div>\n\t\t\t\t<div class=\"elementor-column elementor-col-50 elementor-inner-column elementor-element elementor-element-2fe9eb5\" data-id=\"2fe9eb5\" data-element_type=\"column\">\n\t\t\t<div class=\"elementor-widget-wrap elementor-element-populated\">\n\t\t\t\t\t\t\t\t<div class=\"elementor-element elementor-element-3daa3d0 elementor-widget elementor-widget-heading\" data-id=\"3daa3d0\" data-element_type=\"widget\" data-widget_type=\"heading.default\">\n\t\t\t\t<div class=\"elementor-widget-container\">\n\t\t\t<h3 class=\"elementor-heading-title elementor-size-default\">Nicole Heymann<\/h3>\t\t<\/div>\n\t\t\t\t<\/div>\n\t\t\t\t<div class=\"elementor-element elementor-element-a4efd76 elementor-widget elementor-widget-text-editor\" data-id=\"a4efd76\" data-element_type=\"widget\" data-widget_type=\"text-editor.default\">\n\t\t\t\t<div class=\"elementor-widget-container\">\n\t\t\t\t\t\t\t<p>Nicole Heymann comes from Bad Schwalbach, near the beautiful city of Wiesbaden. After graduating from high school, she did an apprenticeship as an IT systems businesswoman. Directly afterwards, Nicole decided to study business administration at the University of Cooperative Education in L\u00f6rrach, where she graduated in 2005 with a degree in business administration. Already during her studies she specialized in activity-based costing and controlling.<\/p><p>In 2008, she was recalled by her company to the headquarters near Amsterdam. Since then, she has been working there very successfully as a Senior Business Analyst.<\/p>\t\t\t\t\t\t<\/div>\n\t\t\t\t<\/div>\n\t\t\t\t\t<\/div>\n\t\t<\/div>\n\t\t\t\t\t\t\t<\/div>\n\t\t<\/section>\n\t\t\t\t<section class=\"elementor-section elementor-inner-section elementor-element elementor-element-7867754 elementor-section-full_width elementor-section-height-default elementor-section-height-default\" data-id=\"7867754\" data-element_type=\"section\">\n\t\t\t\t\t\t<div class=\"elementor-container elementor-column-gap-default\">\n\t\t\t\t\t<div class=\"elementor-column elementor-col-100 elementor-inner-column elementor-element elementor-element-3c48dc3\" data-id=\"3c48dc3\" data-element_type=\"column\">\n\t\t\t<div class=\"elementor-widget-wrap elementor-element-populated\">\n\t\t\t\t\t\t\t\t<div class=\"elementor-element elementor-element-cbf7c73 elementor-widget elementor-widget-text-editor\" data-id=\"cbf7c73\" data-element_type=\"widget\" data-widget_type=\"text-editor.default\">\n\t\t\t\t<div class=\"elementor-widget-container\">\n\t\t\t\t\t\t\t<p>At SMYLO, Nicole is the \"silent string-puller\" in the background, making sure that the business concepts fit and the finances are right.<\/p>\t\t\t\t\t\t<\/div>\n\t\t\t\t<\/div>\n\t\t\t\t\t<\/div>\n\t\t<\/div>\n\t\t\t\t\t\t\t<\/div>\n\t\t<\/section>\n\t\t\t\t<div class=\"elementor-element elementor-element-5c2e441 elementor-widget-divider--view-line elementor-widget elementor-widget-divider\" data-id=\"5c2e441\" data-element_type=\"widget\" data-widget_type=\"divider.default\">\n\t\t\t\t<div class=\"elementor-widget-container\">\n\t\t\t\t\t<div class=\"elementor-divider\">\n\t\t\t<span class=\"elementor-divider-separator\">\n\t\t\t\t\t\t<\/span>\n\t\t<\/div>\n\t\t\t\t<\/div>\n\t\t\t\t<\/div>\n\t\t\t\t<section class=\"elementor-section elementor-inner-section elementor-element elementor-element-e50b937 elementor-section-full_width elementor-reverse-mobile elementor-section-height-default elementor-section-height-default\" data-id=\"e50b937\" data-element_type=\"section\">\n\t\t\t\t\t\t<div class=\"elementor-container elementor-column-gap-default\">\n\t\t\t\t\t<div class=\"elementor-column elementor-col-50 elementor-inner-column elementor-element elementor-element-6bce96e\" data-id=\"6bce96e\" data-element_type=\"column\">\n\t\t\t<div class=\"elementor-widget-wrap elementor-element-populated\">\n\t\t\t\t\t\t\t\t<div class=\"elementor-element elementor-element-e82408c elementor-widget elementor-widget-heading\" data-id=\"e82408c\" data-element_type=\"widget\" data-widget_type=\"heading.default\">\n\t\t\t\t<div class=\"elementor-widget-container\">\n\t\t\t<h3 class=\"elementor-heading-title elementor-size-default\">Ate\u015f Sunal<\/h3>\t\t<\/div>\n\t\t\t\t<\/div>\n\t\t\t\t<div class=\"elementor-element elementor-element-f8a4eef elementor-widget elementor-widget-text-editor\" data-id=\"f8a4eef\" data-element_type=\"widget\" data-widget_type=\"text-editor.default\">\n\t\t\t\t<div class=\"elementor-widget-container\">\n\t\t\t\t\t\t\t<p>Ate\u015f Sunal was born in Frankfurt am Main and spent his elementary school years in Istanbul, Turkey. He then returned to Germany with his parents and earned his Abitur in Wiesbaden.<\/p><p>Ate\u015f Sunal knows all about the call center business from his own experience. He first immersed himself professionally in the world of call centers back in 2000. Since then, he has remained loyal to his company in Mainz and has implemented countless projects for new support structures. The thematic focus of his work has been in the areas of IT service as well as mechanical and plant engineering. He also has a very good understanding of telephone systems and the corresponding infrastructure.<\/p>\t\t\t\t\t\t<\/div>\n\t\t\t\t<\/div>\n\t\t\t\t\t<\/div>\n\t\t<\/div>\n\t\t\t\t<div class=\"elementor-column elementor-col-50 elementor-inner-column elementor-element elementor-element-e7a6d9e\" data-id=\"e7a6d9e\" data-element_type=\"column\">\n\t\t\t<div class=\"elementor-widget-wrap elementor-element-populated\">\n\t\t\t\t\t\t\t\t<div class=\"elementor-element elementor-element-8fd40d2 elementor-widget elementor-widget-image\" data-id=\"8fd40d2\" data-element_type=\"widget\" data-widget_type=\"image.default\">\n\t\t\t\t<div class=\"elementor-widget-container\">\n\t\t\t\t\t\t\t\t\t\t\t\t\t\t\t<img decoding=\"async\" width=\"768\" height=\"548\" src=\"https:\/\/smylo.de\/wp-content\/uploads\/2021\/04\/S072-001-21_web-768x548.jpg\" class=\"attachment-medium_large size-medium_large wp-image-2069\" alt=\"\" srcset=\"https:\/\/smylo.de\/wp-content\/uploads\/2021\/04\/S072-001-21_web-768x548.jpg 768w, https:\/\/smylo.de\/wp-content\/uploads\/2021\/04\/S072-001-21_web-300x214.jpg 300w, https:\/\/smylo.de\/wp-content\/uploads\/2021\/04\/S072-001-21_web-1024x730.jpg 1024w, https:\/\/smylo.de\/wp-content\/uploads\/2021\/04\/S072-001-21_web-16x12.jpg 16w, https:\/\/smylo.de\/wp-content\/uploads\/2021\/04\/S072-001-21_web.jpg 1280w\" sizes=\"(max-width: 768px) 100vw, 768px\" \/>\t\t\t\t\t\t\t\t\t\t\t\t\t\t\t<\/div>\n\t\t\t\t<\/div>\n\t\t\t\t\t<\/div>\n\t\t<\/div>\n\t\t\t\t\t\t\t<\/div>\n\t\t<\/section>\n\t\t\t\t<section class=\"elementor-section elementor-inner-section elementor-element elementor-element-f9bd843 elementor-section-full_width elementor-reverse-mobile elementor-section-height-default elementor-section-height-default\" data-id=\"f9bd843\" data-element_type=\"section\">\n\t\t\t\t\t\t<div class=\"elementor-container elementor-column-gap-default\">\n\t\t\t\t\t<div class=\"elementor-column elementor-col-100 elementor-inner-column elementor-element elementor-element-2ba5cbf\" data-id=\"2ba5cbf\" data-element_type=\"column\">\n\t\t\t<div class=\"elementor-widget-wrap elementor-element-populated\">\n\t\t\t\t\t\t\t\t<div class=\"elementor-element elementor-element-080b161 elementor-widget elementor-widget-text-editor\" data-id=\"080b161\" data-element_type=\"widget\" data-widget_type=\"text-editor.default\">\n\t\t\t\t<div class=\"elementor-widget-container\">\n\t\t\t\t\t\t\t<p>Due to his vast professional experience, he knows all call center areas as well as their worries and hardships from his own experience. Whether as a dispatcher, in cold calling, in technical service, as a team lead, project manager or trainer - the call center professional has worked successfully in all departments. He is currently responsible for business development and sales at his company.<\/p><p>With this extensive know-how, which he acquired over many years, in the background, he founded SMYLO.<\/p><p>Since 2009, Ate\u015f Sunal has lived near Amsterdam with his wife Nicole and their three children, but frequently travels across Germany on business.<\/p>\t\t\t\t\t\t<\/div>\n\t\t\t\t<\/div>\n\t\t\t\t\t<\/div>\n\t\t<\/div>\n\t\t\t\t\t\t\t<\/div>\n\t\t<\/section>\n\t\t\t\t\t<\/div>\n\t\t<\/div>\n\t\t\t\t\t\t\t<\/div>\n\t\t<\/section>\n\t\t\t\t<section class=\"elementor-section elementor-top-section elementor-element elementor-element-64b96c2e elementor-section-boxed elementor-section-height-default elementor-section-height-default\" data-id=\"64b96c2e\" data-element_type=\"section\" data-settings=\"{&quot;background_background&quot;:&quot;classic&quot;}\">\n\t\t\t\t\t\t<div class=\"elementor-container elementor-column-gap-default\">\n\t\t\t\t\t<div class=\"elementor-column elementor-col-100 elementor-top-column elementor-element elementor-element-2b2b86fa\" data-id=\"2b2b86fa\" data-element_type=\"column\">\n\t\t\t<div class=\"elementor-widget-wrap elementor-element-populated\">\n\t\t\t\t\t\t\t\t<div class=\"elementor-element elementor-element-48bedf09 elementor-widget elementor-widget-heading\" data-id=\"48bedf09\" data-element_type=\"widget\" data-widget_type=\"heading.default\">\n\t\t\t\t<div class=\"elementor-widget-container\">\n\t\t\t<h2 class=\"elementor-heading-title elementor-size-default\">The idea behind SMYLO<\/h2>\t\t<\/div>\n\t\t\t\t<\/div>\n\t\t\t\t<div class=\"elementor-element elementor-element-57d50853 elementor-widget-divider--view-line elementor-widget elementor-widget-divider\" data-id=\"57d50853\" data-element_type=\"widget\" data-widget_type=\"divider.default\">\n\t\t\t\t<div class=\"elementor-widget-container\">\n\t\t\t\t\t<div class=\"elementor-divider\">\n\t\t\t<span class=\"elementor-divider-separator\">\n\t\t\t\t\t\t<\/span>\n\t\t<\/div>\n\t\t\t\t<\/div>\n\t\t\t\t<\/div>\n\t\t\t\t<div class=\"elementor-element elementor-element-7d49d486 elementor-widget elementor-widget-text-editor\" data-id=\"7d49d486\" data-element_type=\"widget\" data-widget_type=\"text-editor.default\">\n\t\t\t\t<div class=\"elementor-widget-container\">\n\t\t\t\t\t\t\t<p>From my own long-term call center experience, I know how difficult it is to find qualified and reliable personnel on the labor market in Germany and to keep them in the company.<\/p>\n<p>For many years, the major players in the industry have been outsourcing suitable employees to countries where a call center job is more highly regarded than in Germany. Nearshoring saves you personnel costs and also significantly reduces the fluctuation rate, which is usually very high in the industry.<\/p>\n<p>After many successful placements of call center orders abroad, I wanted to make this elegant way of presonal sourcing accessible to smaller call centers as well. In addition, I want to address companies that do not want to outsource customer contact to a call center. This is how the SMYLO idea was born.<\/p>\n<p>SMYLO quickly and unbureaucratically hires out well-qualified and perfectly German-speaking call center personnel from abroad to small and medium-sized call centers and companies. My focus is on employees who have lived and worked in Germany for many years before emigrating. They know the language, but also understand the mentality and culture of German customers. And that is crucial for successful nearshoring. My SMYLO agents have mastered this and will help you increase profitability.<\/p>\n<p>With SMYLO staff leasing, your company can quickly and cost-effectively obtain highly qualified nearshoring personnel. With SMYLO, you only borrow employees for as long as they are needed. Personnel overcapacities in case of fluctuating order situation are a thing of the past. In this way, you save on personnel costs and the entrepreneurial risk lies largely with SMYLO.<\/p>\n<p class=\" translation-block\">Your's\u00a0<span style=\"font-size: 15px;background-color: var( --e-global-color-869b159 )\">Ate\u015f\u00a0<\/span><span style=\"font-size: 15px;background-color: var( --e-global-color-869b159 )\">Sunal<\/span><\/p>\t\t\t\t\t\t<\/div>\n\t\t\t\t<\/div>\n\t\t\t\t\t<\/div>\n\t\t<\/div>\n\t\t\t\t\t\t\t<\/div>\n\t\t<\/section>\n\t\t\t\t\t\t\t<\/div>","protected":false},"excerpt":{"rendered":"<p>\u00dcber uns Mit qualifizierten Mitarbeitern und mehr als 20 Jahre Erfahrung im Call-Center Business, wissen wir worauf es ankommt und bieten Ihnen kundenspezifische Services und L\u00f6sungen Die SMYLO Gr\u00fcnder Nicole Heymann Nicole Heymann kommt aus Bad Schwalbach, nahe dem sch\u00f6nen Wiesbaden. Nach dem Abitur hat sie eine Ausbildung zur IT System Kauffrau gemacht. Direkt im &hellip;<\/p>\n<p class=\"read-more\"> <a class=\"\" href=\"https:\/\/smylo.de\/en\/ueber-uns\/\"> <span class=\"screen-reader-text\">About us<\/span> Read More &raquo;<\/a><\/p>","protected":false},"author":1,"featured_media":0,"parent":0,"menu_order":0,"comment_status":"closed","ping_status":"closed","template":"elementor_header_footer","meta":{"content-type":"","site-sidebar-layout":"no-sidebar","site-content-layout":"page-builder","ast-global-header-display":"","ast-banner-title-visibility":"","ast-main-header-display":"","ast-hfb-above-header-display":"","ast-hfb-below-header-display":"","ast-hfb-mobile-header-display":"","site-post-title":"disabled","ast-breadcrumbs-content":"","ast-featured-img":"disabled","footer-sml-layout":"","theme-transparent-header-meta":"default","adv-header-id-meta":"","stick-header-meta":"","header-above-stick-meta":"","header-main-stick-meta":"","header-below-stick-meta":"","footnotes":""},"class_list":["post-576","page","type-page","status-publish","hentry"],"yoast_head":"<!-- This site is optimized with the Yoast SEO plugin v27.4 - https:\/\/yoast.com\/product\/yoast-seo-wordpress\/ -->\n<title>\u00dcber uns - SMYLO<\/title>\n<meta name=\"description\" content=\"Nicole Heymann und Ate\u015f Sunal sind das schlagkr\u00e4ftige Duo hinter dem Namen SMYLO. Erfahren Sie mehr \u00fcber die Gr\u00fcnder der SMYLO Agents.\" \/>\n<meta name=\"robots\" content=\"index, follow, max-snippet:-1, max-image-preview:large, max-video-preview:-1\" \/>\n<link rel=\"canonical\" href=\"https:\/\/smylo.de\/en\/ueber-uns\/\" \/>\n<meta property=\"og:locale\" content=\"en_GB\" \/>\n<meta property=\"og:type\" content=\"article\" \/>\n<meta property=\"og:title\" content=\"\u00dcber uns - SMYLO\" \/>\n<meta property=\"og:description\" content=\"Nicole Heymann und Ate\u015f Sunal sind das schlagkr\u00e4ftige Duo hinter dem Namen SMYLO. Erfahren Sie mehr \u00fcber die Gr\u00fcnder der SMYLO Agents.\" \/>\n<meta property=\"og:url\" content=\"https:\/\/smylo.de\/en\/ueber-uns\/\" \/>\n<meta property=\"og:site_name\" content=\"SMYLO\" \/>\n<meta property=\"article:modified_time\" content=\"2021-05-12T10:41:28+00:00\" \/>\n<meta property=\"og:image\" content=\"https:\/\/smylo.de\/wp-content\/uploads\/2021\/04\/S072-003-21_web-768x548.jpg\" \/>\n<meta name=\"twitter:card\" content=\"summary_large_image\" \/>\n<meta name=\"twitter:label1\" content=\"Estimated reading time\" \/>\n\t<meta name=\"twitter:data1\" content=\"4 minutes\" \/>\n<script type=\"application\/ld+json\" class=\"yoast-schema-graph\">{\"@context\":\"https:\\\/\\\/schema.org\",\"@graph\":[{\"@type\":\"WebPage\",\"@id\":\"https:\\\/\\\/smylo.de\\\/ueber-uns\\\/\",\"url\":\"https:\\\/\\\/smylo.de\\\/ueber-uns\\\/\",\"name\":\"\u00dcber uns - SMYLO\",\"isPartOf\":{\"@id\":\"https:\\\/\\\/smylo.de\\\/#website\"},\"primaryImageOfPage\":{\"@id\":\"https:\\\/\\\/smylo.de\\\/ueber-uns\\\/#primaryimage\"},\"image\":{\"@id\":\"https:\\\/\\\/smylo.de\\\/ueber-uns\\\/#primaryimage\"},\"thumbnailUrl\":\"https:\\\/\\\/smylo.de\\\/wp-content\\\/uploads\\\/2021\\\/04\\\/S072-003-21_web-768x548.jpg\",\"datePublished\":\"2021-01-29T16:49:46+00:00\",\"dateModified\":\"2021-05-12T10:41:28+00:00\",\"description\":\"Nicole Heymann und Ate\u015f Sunal sind das schlagkr\u00e4ftige Duo hinter dem Namen SMYLO. Erfahren Sie mehr \u00fcber die Gr\u00fcnder der SMYLO Agents.\",\"inLanguage\":\"en-GB\",\"potentialAction\":[{\"@type\":\"ReadAction\",\"target\":[\"https:\\\/\\\/smylo.de\\\/ueber-uns\\\/\"]}]},{\"@type\":\"ImageObject\",\"inLanguage\":\"en-GB\",\"@id\":\"https:\\\/\\\/smylo.de\\\/ueber-uns\\\/#primaryimage\",\"url\":\"https:\\\/\\\/smylo.de\\\/wp-content\\\/uploads\\\/2021\\\/04\\\/S072-003-21_web-768x548.jpg\",\"contentUrl\":\"https:\\\/\\\/smylo.de\\\/wp-content\\\/uploads\\\/2021\\\/04\\\/S072-003-21_web-768x548.jpg\"},{\"@type\":\"WebSite\",\"@id\":\"https:\\\/\\\/smylo.de\\\/#website\",\"url\":\"https:\\\/\\\/smylo.de\\\/\",\"name\":\"SMYLO\",\"description\":\"\",\"publisher\":{\"@id\":\"https:\\\/\\\/smylo.de\\\/#organization\"},\"potentialAction\":[{\"@type\":\"SearchAction\",\"target\":{\"@type\":\"EntryPoint\",\"urlTemplate\":\"https:\\\/\\\/smylo.de\\\/?s={search_term_string}\"},\"query-input\":{\"@type\":\"PropertyValueSpecification\",\"valueRequired\":true,\"valueName\":\"search_term_string\"}}],\"inLanguage\":\"en-GB\"},{\"@type\":\"Organization\",\"@id\":\"https:\\\/\\\/smylo.de\\\/#organization\",\"name\":\"SMYLO\",\"url\":\"https:\\\/\\\/smylo.de\\\/\",\"logo\":{\"@type\":\"ImageObject\",\"inLanguage\":\"en-GB\",\"@id\":\"https:\\\/\\\/smylo.de\\\/#\\\/schema\\\/logo\\\/image\\\/\",\"url\":\"https:\\\/\\\/smylo.de\\\/wp-content\\\/uploads\\\/2021\\\/01\\\/TA-DDH-UK-10122020-32629135131-Smylo-Final-Files-01.png\",\"contentUrl\":\"https:\\\/\\\/smylo.de\\\/wp-content\\\/uploads\\\/2021\\\/01\\\/TA-DDH-UK-10122020-32629135131-Smylo-Final-Files-01.png\",\"width\":1667,\"height\":938,\"caption\":\"SMYLO\"},\"image\":{\"@id\":\"https:\\\/\\\/smylo.de\\\/#\\\/schema\\\/logo\\\/image\\\/\"}}]}<\/script>\n<!-- \/ Yoast SEO plugin. -->","yoast_head_json":{"title":"\u00dcber uns - SMYLO","description":"Nicole Heymann und Ate\u015f Sunal sind das schlagkr\u00e4ftige Duo hinter dem Namen SMYLO. Erfahren Sie mehr \u00fcber die Gr\u00fcnder der SMYLO Agents.","robots":{"index":"index","follow":"follow","max-snippet":"max-snippet:-1","max-image-preview":"max-image-preview:large","max-video-preview":"max-video-preview:-1"},"canonical":"https:\/\/smylo.de\/en\/ueber-uns\/","og_locale":"en_GB","og_type":"article","og_title":"\u00dcber uns - SMYLO","og_description":"Nicole Heymann und Ate\u015f Sunal sind das schlagkr\u00e4ftige Duo hinter dem Namen SMYLO. Erfahren Sie mehr \u00fcber die Gr\u00fcnder der SMYLO Agents.","og_url":"https:\/\/smylo.de\/en\/ueber-uns\/","og_site_name":"SMYLO","article_modified_time":"2021-05-12T10:41:28+00:00","og_image":[{"url":"https:\/\/smylo.de\/wp-content\/uploads\/2021\/04\/S072-003-21_web-768x548.jpg","type":"","width":"","height":""}],"twitter_card":"summary_large_image","twitter_misc":{"Estimated reading time":"4 minutes"},"schema":{"@context":"https:\/\/schema.org","@graph":[{"@type":"WebPage","@id":"https:\/\/smylo.de\/ueber-uns\/","url":"https:\/\/smylo.de\/ueber-uns\/","name":"\u00dcber uns - SMYLO","isPartOf":{"@id":"https:\/\/smylo.de\/#website"},"primaryImageOfPage":{"@id":"https:\/\/smylo.de\/ueber-uns\/#primaryimage"},"image":{"@id":"https:\/\/smylo.de\/ueber-uns\/#primaryimage"},"thumbnailUrl":"https:\/\/smylo.de\/wp-content\/uploads\/2021\/04\/S072-003-21_web-768x548.jpg","datePublished":"2021-01-29T16:49:46+00:00","dateModified":"2021-05-12T10:41:28+00:00","description":"Nicole Heymann und Ate\u015f Sunal sind das schlagkr\u00e4ftige Duo hinter dem Namen SMYLO. Erfahren Sie mehr \u00fcber die Gr\u00fcnder der SMYLO Agents.","inLanguage":"en-GB","potentialAction":[{"@type":"ReadAction","target":["https:\/\/smylo.de\/ueber-uns\/"]}]},{"@type":"ImageObject","inLanguage":"en-GB","@id":"https:\/\/smylo.de\/ueber-uns\/#primaryimage","url":"https:\/\/smylo.de\/wp-content\/uploads\/2021\/04\/S072-003-21_web-768x548.jpg","contentUrl":"https:\/\/smylo.de\/wp-content\/uploads\/2021\/04\/S072-003-21_web-768x548.jpg"},{"@type":"WebSite","@id":"https:\/\/smylo.de\/#website","url":"https:\/\/smylo.de\/","name":"SMYLO","description":"","publisher":{"@id":"https:\/\/smylo.de\/#organization"},"potentialAction":[{"@type":"SearchAction","target":{"@type":"EntryPoint","urlTemplate":"https:\/\/smylo.de\/?s={search_term_string}"},"query-input":{"@type":"PropertyValueSpecification","valueRequired":true,"valueName":"search_term_string"}}],"inLanguage":"en-GB"},{"@type":"Organization","@id":"https:\/\/smylo.de\/#organization","name":"SMYLO","url":"https:\/\/smylo.de\/","logo":{"@type":"ImageObject","inLanguage":"en-GB","@id":"https:\/\/smylo.de\/#\/schema\/logo\/image\/","url":"https:\/\/smylo.de\/wp-content\/uploads\/2021\/01\/TA-DDH-UK-10122020-32629135131-Smylo-Final-Files-01.png","contentUrl":"https:\/\/smylo.de\/wp-content\/uploads\/2021\/01\/TA-DDH-UK-10122020-32629135131-Smylo-Final-Files-01.png","width":1667,"height":938,"caption":"SMYLO"},"image":{"@id":"https:\/\/smylo.de\/#\/schema\/logo\/image\/"}}]}},"_links":{"self":[{"href":"https:\/\/smylo.de\/en\/wp-json\/wp\/v2\/pages\/576","targetHints":{"allow":["GET"]}}],"collection":[{"href":"https:\/\/smylo.de\/en\/wp-json\/wp\/v2\/pages"}],"about":[{"href":"https:\/\/smylo.de\/en\/wp-json\/wp\/v2\/types\/page"}],"author":[{"embeddable":true,"href":"https:\/\/smylo.de\/en\/wp-json\/wp\/v2\/users\/1"}],"replies":[{"embeddable":true,"href":"https:\/\/smylo.de\/en\/wp-json\/wp\/v2\/comments?post=576"}],"version-history":[{"count":11,"href":"https:\/\/smylo.de\/en\/wp-json\/wp\/v2\/pages\/576\/revisions"}],"predecessor-version":[{"id":2776,"href":"https:\/\/smylo.de\/en\/wp-json\/wp\/v2\/pages\/576\/revisions\/2776"}],"wp:attachment":[{"href":"https:\/\/smylo.de\/en\/wp-json\/wp\/v2\/media?parent=576"}],"curies":[{"name":"wp","href":"https:\/\/api.w.org\/{rel}","templated":true}]}}