{"id":2077,"date":"2021-04-25T17:39:46","date_gmt":"2021-04-25T15:39:46","guid":{"rendered":"http:\/\/smylo.de\/haftungsausschluss\/"},"modified":"2021-04-27T10:59:02","modified_gmt":"2021-04-27T08:59:02","slug":"haftungsausschluss","status":"publish","type":"page","link":"https:\/\/smylo.de\/en\/haftungsausschluss\/","title":{"rendered":"Disclaimer"},"content":{"rendered":"<div data-elementor-type=\"wp-page\" data-elementor-id=\"2077\" class=\"elementor elementor-2077\" data-elementor-post-type=\"page\">\n\t\t\t\t\t\t\t\t\t<section class=\"elementor-section elementor-top-section elementor-element elementor-element-705598c elementor-section-boxed elementor-section-height-default elementor-section-height-default\" data-id=\"705598c\" data-element_type=\"section\">\n\t\t\t\t\t\t<div class=\"elementor-container elementor-column-gap-default\">\n\t\t\t\t\t<div class=\"elementor-column elementor-col-100 elementor-top-column elementor-element elementor-element-59faa3c1\" data-id=\"59faa3c1\" data-element_type=\"column\">\n\t\t\t<div class=\"elementor-widget-wrap elementor-element-populated\">\n\t\t\t\t\t\t\t\t<div class=\"elementor-element elementor-element-265949e elementor-widget elementor-widget-heading\" data-id=\"265949e\" data-element_type=\"widget\" data-widget_type=\"heading.default\">\n\t\t\t\t<div class=\"elementor-widget-container\">\n\t\t\t<h1 class=\"elementor-heading-title elementor-size-default\">Disclaimer<\/h1>\t\t<\/div>\n\t\t\t\t<\/div>\n\t\t\t\t<div class=\"elementor-element elementor-element-6ba5ea7d elementor-widget elementor-widget-shortcode\" data-id=\"6ba5ea7d\" data-element_type=\"widget\" data-widget_type=\"shortcode.default\">\n\t\t\t\t<div class=\"elementor-widget-container\">\n\t\t\t\t\t<div class=\"elementor-shortcode\">\n<!-- This legal document was generated by Complianz | GDPR\/CCPA Cookie Consent https:\/\/wordpress.org\/plugins\/complianz-gdpr -->\n<div id=\"cmplz-document\" class=\"cmplz-document disclaimer\"><p>SMYLO B.V. ist dazu verpflichtet, diese Website aktuell und akkurat zu halten. Solltest du dennoch auf irgendetwas sto\u00dfen, dass veraltet oder inkorrekt ist, w\u00fcrden wir es sch\u00e4tzen, wenn du es uns wissen l\u00e4sst. Bitte weise darauf hin, wo du auf der Seite die Information gelesen hast. Wir werden uns dann so schnell wie m\u00f6glich darum k\u00fcmmern. Bitte sende deine R\u00fcckmeldung an: <a href=\"mailto:in&#102;o&#064;smylo&#x2e;de\">in&#102;o&#064;smylo&#x2e;de<\/a>.<\/p><p>Die Verwendung der Website und all ihrer Teile (einschlie\u00dflich Foren) unterliegen den <a href=\"https:\/\/smylo.de\/en\/agb\/\" target=\"_blank\">Nutzungsbedingungen<\/a>. Bereits die Verwendung der Website impliziert das Wissen und die Akzeptanz dieser Nutzungsbedingungen.<\/p><p>Jegliches intellektuelle Eigentumsrecht an Inhalten auf dieser Website ist im Besitz von SMYLO B.V. oder von Drittanbietern, welche diese Inhalte selbst platziert haben, oder von denen SMYLO B.V. \u00fcber eine Endnutzer-Lizenzvereinbarung verf\u00fcgt.<\/p><p>Das Kopieren, Verbreiten oder jegliche andere Nutzung dieses Materials ist ohne die schriftliche Erlaubnis von SMYLO B.V. nicht gestattet, sofern in geltendem Gesetz nicht anders vereinbart oder ausgenommen (wie etwa das Recht zu zitieren), solang der spezifische Inhalt nichts anderes vorschreibt.<\/p><p>Wenn du Fragen oder Probleme mit der Verf\u00fcgbarkeit der Website hast, z\u00f6gere nicht uns zu kontaktieren.<\/p><\/div><\/div>\n\t\t\t\t<\/div>\n\t\t\t\t<\/div>\n\t\t\t\t\t<\/div>\n\t\t<\/div>\n\t\t\t\t\t\t\t<\/div>\n\t\t<\/section>\n\t\t\t\t\t\t\t<\/div>","protected":false},"excerpt":{"rendered":"<p>Disclaimer<\/p>","protected":false},"author":1,"featured_media":0,"parent":0,"menu_order":0,"comment_status":"closed","ping_status":"closed","template":"","meta":{"content-type":"","site-sidebar-layout":"no-sidebar","site-content-layout":"default","ast-global-header-display":"","ast-banner-title-visibility":"","ast-main-header-display":"","ast-hfb-above-header-display":"","ast-hfb-below-header-display":"","ast-hfb-mobile-header-display":"","site-post-title":"disabled","ast-breadcrumbs-content":"","ast-featured-img":"disabled","footer-sml-layout":"","theme-transparent-header-meta":"default","adv-header-id-meta":"","stick-header-meta":"","header-above-stick-meta":"","header-main-stick-meta":"","header-below-stick-meta":"","footnotes":""},"class_list":["post-2077","page","type-page","status-publish","hentry"],"yoast_head":"<!-- This site is optimized with the Yoast SEO plugin v27.4 - https:\/\/yoast.com\/product\/yoast-seo-wordpress\/ -->\n<title>Haftungsausschluss - SMYLO<\/title>\n<meta name=\"robots\" content=\"index, follow, max-snippet:-1, max-image-preview:large, max-video-preview:-1\" \/>\n<link rel=\"canonical\" href=\"https:\/\/smylo.de\/en\/haftungsausschluss\/\" \/>\n<meta property=\"og:locale\" content=\"en_GB\" \/>\n<meta property=\"og:type\" content=\"article\" \/>\n<meta property=\"og:title\" content=\"Haftungsausschluss - SMYLO\" \/>\n<meta property=\"og:description\" content=\"Haftungsausschluss\" \/>\n<meta property=\"og:url\" content=\"https:\/\/smylo.de\/en\/haftungsausschluss\/\" \/>\n<meta property=\"og:site_name\" content=\"SMYLO\" \/>\n<meta property=\"article:modified_time\" content=\"2021-04-27T08:59:02+00:00\" \/>\n<meta name=\"twitter:card\" content=\"summary_large_image\" \/>\n<meta name=\"twitter:label1\" content=\"Estimated reading time\" \/>\n\t<meta name=\"twitter:data1\" content=\"1 minute\" \/>\n<script type=\"application\/ld+json\" class=\"yoast-schema-graph\">{\"@context\":\"https:\\\/\\\/schema.org\",\"@graph\":[{\"@type\":\"WebPage\",\"@id\":\"https:\\\/\\\/smylo.de\\\/haftungsausschluss\\\/\",\"url\":\"https:\\\/\\\/smylo.de\\\/haftungsausschluss\\\/\",\"name\":\"Haftungsausschluss - SMYLO\",\"isPartOf\":{\"@id\":\"https:\\\/\\\/smylo.de\\\/#website\"},\"datePublished\":\"2021-04-25T15:39:46+00:00\",\"dateModified\":\"2021-04-27T08:59:02+00:00\",\"inLanguage\":\"en-GB\",\"potentialAction\":[{\"@type\":\"ReadAction\",\"target\":[\"https:\\\/\\\/smylo.de\\\/haftungsausschluss\\\/\"]}]},{\"@type\":\"WebSite\",\"@id\":\"https:\\\/\\\/smylo.de\\\/#website\",\"url\":\"https:\\\/\\\/smylo.de\\\/\",\"name\":\"SMYLO\",\"description\":\"\",\"publisher\":{\"@id\":\"https:\\\/\\\/smylo.de\\\/#organization\"},\"potentialAction\":[{\"@type\":\"SearchAction\",\"target\":{\"@type\":\"EntryPoint\",\"urlTemplate\":\"https:\\\/\\\/smylo.de\\\/?s={search_term_string}\"},\"query-input\":{\"@type\":\"PropertyValueSpecification\",\"valueRequired\":true,\"valueName\":\"search_term_string\"}}],\"inLanguage\":\"en-GB\"},{\"@type\":\"Organization\",\"@id\":\"https:\\\/\\\/smylo.de\\\/#organization\",\"name\":\"SMYLO\",\"url\":\"https:\\\/\\\/smylo.de\\\/\",\"logo\":{\"@type\":\"ImageObject\",\"inLanguage\":\"en-GB\",\"@id\":\"https:\\\/\\\/smylo.de\\\/#\\\/schema\\\/logo\\\/image\\\/\",\"url\":\"https:\\\/\\\/smylo.de\\\/wp-content\\\/uploads\\\/2021\\\/01\\\/TA-DDH-UK-10122020-32629135131-Smylo-Final-Files-01.png\",\"contentUrl\":\"https:\\\/\\\/smylo.de\\\/wp-content\\\/uploads\\\/2021\\\/01\\\/TA-DDH-UK-10122020-32629135131-Smylo-Final-Files-01.png\",\"width\":1667,\"height\":938,\"caption\":\"SMYLO\"},\"image\":{\"@id\":\"https:\\\/\\\/smylo.de\\\/#\\\/schema\\\/logo\\\/image\\\/\"}}]}<\/script>\n<!-- \/ Yoast SEO plugin. -->","yoast_head_json":{"title":"Haftungsausschluss - SMYLO","robots":{"index":"index","follow":"follow","max-snippet":"max-snippet:-1","max-image-preview":"max-image-preview:large","max-video-preview":"max-video-preview:-1"},"canonical":"https:\/\/smylo.de\/en\/haftungsausschluss\/","og_locale":"en_GB","og_type":"article","og_title":"Haftungsausschluss - SMYLO","og_description":"Haftungsausschluss","og_url":"https:\/\/smylo.de\/en\/haftungsausschluss\/","og_site_name":"SMYLO","article_modified_time":"2021-04-27T08:59:02+00:00","twitter_card":"summary_large_image","twitter_misc":{"Estimated reading time":"1 minute"},"schema":{"@context":"https:\/\/schema.org","@graph":[{"@type":"WebPage","@id":"https:\/\/smylo.de\/haftungsausschluss\/","url":"https:\/\/smylo.de\/haftungsausschluss\/","name":"Haftungsausschluss - SMYLO","isPartOf":{"@id":"https:\/\/smylo.de\/#website"},"datePublished":"2021-04-25T15:39:46+00:00","dateModified":"2021-04-27T08:59:02+00:00","inLanguage":"en-GB","potentialAction":[{"@type":"ReadAction","target":["https:\/\/smylo.de\/haftungsausschluss\/"]}]},{"@type":"WebSite","@id":"https:\/\/smylo.de\/#website","url":"https:\/\/smylo.de\/","name":"SMYLO","description":"","publisher":{"@id":"https:\/\/smylo.de\/#organization"},"potentialAction":[{"@type":"SearchAction","target":{"@type":"EntryPoint","urlTemplate":"https:\/\/smylo.de\/?s={search_term_string}"},"query-input":{"@type":"PropertyValueSpecification","valueRequired":true,"valueName":"search_term_string"}}],"inLanguage":"en-GB"},{"@type":"Organization","@id":"https:\/\/smylo.de\/#organization","name":"SMYLO","url":"https:\/\/smylo.de\/","logo":{"@type":"ImageObject","inLanguage":"en-GB","@id":"https:\/\/smylo.de\/#\/schema\/logo\/image\/","url":"https:\/\/smylo.de\/wp-content\/uploads\/2021\/01\/TA-DDH-UK-10122020-32629135131-Smylo-Final-Files-01.png","contentUrl":"https:\/\/smylo.de\/wp-content\/uploads\/2021\/01\/TA-DDH-UK-10122020-32629135131-Smylo-Final-Files-01.png","width":1667,"height":938,"caption":"SMYLO"},"image":{"@id":"https:\/\/smylo.de\/#\/schema\/logo\/image\/"}}]}},"_links":{"self":[{"href":"https:\/\/smylo.de\/en\/wp-json\/wp\/v2\/pages\/2077","targetHints":{"allow":["GET"]}}],"collection":[{"href":"https:\/\/smylo.de\/en\/wp-json\/wp\/v2\/pages"}],"about":[{"href":"https:\/\/smylo.de\/en\/wp-json\/wp\/v2\/types\/page"}],"author":[{"embeddable":true,"href":"https:\/\/smylo.de\/en\/wp-json\/wp\/v2\/users\/1"}],"replies":[{"embeddable":true,"href":"https:\/\/smylo.de\/en\/wp-json\/wp\/v2\/comments?post=2077"}],"version-history":[{"count":0,"href":"https:\/\/smylo.de\/en\/wp-json\/wp\/v2\/pages\/2077\/revisions"}],"wp:attachment":[{"href":"https:\/\/smylo.de\/en\/wp-json\/wp\/v2\/media?parent=2077"}],"curies":[{"name":"wp","href":"https:\/\/api.w.org\/{rel}","templated":true}]}}